   {"id":19,"date":"2012-11-28T14:48:08","date_gmt":"2012-11-28T14:48:08","guid":{"rendered":"http:\/\/www.fses.es\/?page_id=19"},"modified":"2012-11-28T14:48:08","modified_gmt":"2012-11-28T14:48:08","slug":"noticias","status":"publish","type":"page","link":"https:\/\/fses.es\/?page_id=19","title":{"rendered":"Noticias"},"content":{"rendered":"<p>En esta p\u00e1gina encontrar\u00e1s toda la informaci\u00f3n sobre actuaciones de FSES<\/p>\n","protected":false},"excerpt":{"rendered":"<p>En esta p\u00e1gina encontrar\u00e1s toda la informaci\u00f3n sobre actuaciones de FSES<\/p>\n","protected":false},"author":5,"featured_media":0,"parent":0,"menu_order":0,"comment_status":"open","ping_status":"open","template":"blog.php","meta":[],"_links":{"self":[{"href":"https:\/\/fses.es\/index.php?rest_route=\/wp\/v2\/pages\/19"}],"collection":[{"href":"https:\/\/fses.es\/index.php?rest_route=\/wp\/v2\/pages"}],"about":[{"href":"https:\/\/fses.es\/index.php?rest_route=\/wp\/v2\/types\/page"}],"author":[{"embeddable":true,"href":"https:\/\/fses.es\/index.php?rest_route=\/wp\/v2\/users\/5"}],"replies":[{"embeddable":true,"href":"https:\/\/fses.es\/index.php?rest_route=%2Fwp%2Fv2%2Fcomments&post=19"}],"version-history":[{"count":1,"href":"https:\/\/fses.es\/index.php?rest_route=\/wp\/v2\/pages\/19\/revisions"}],"predecessor-version":[{"id":20,"href":"https:\/\/fses.es\/index.php?rest_route=\/wp\/v2\/pages\/19\/revisions\/20"}],"wp:attachment":[{"href":"https:\/\/fses.es\/index.php?rest_route=%2Fwp%2Fv2%2Fmedia&parent=19"}],"curies":[{"name":"wp","href":"https:\/\/api.w.org\/{rel}","templated":true}]}}