   {"id":2,"date":"2012-11-12T09:35:20","date_gmt":"2012-11-12T09:35:20","guid":{"rendered":"http:\/\/www.fses.es\/?page_id=2"},"modified":"2016-04-27T11:24:18","modified_gmt":"2016-04-27T11:24:18","slug":"pagina-ejemplo","status":"publish","type":"page","link":"https:\/\/fses.es\/?page_id=2","title":{"rendered":"Qui\u00e9nes somos"},"content":{"rendered":"<p>La Federaci\u00f3n de Sindicatos de Educaci\u00f3n y Sanidad, FSES, \u00a0se constituye en el a\u00f1o 2006, al amparo de lo dispuesto en el art\u00edculo 2.2 de la Ley Org\u00e1nica 11\/85 de Libertad Sindical.<\/p>\n<p><a href=\"http:\/\/www.fses.es\/wp-content\/uploads\/2012\/11\/interior.jpg\"><img decoding=\"async\" loading=\"lazy\" class=\"size-full wp-image-68 aligncenter\" title=\"interior\" alt=\"\" src=\"http:\/\/www.fses.es\/wp-content\/uploads\/2012\/11\/interior.jpg\" width=\"580\" height=\"239\" srcset=\"https:\/\/fses.es\/wp-content\/uploads\/2012\/11\/interior.jpg 580w, https:\/\/fses.es\/wp-content\/uploads\/2012\/11\/interior-300x123.jpg 300w, https:\/\/fses.es\/wp-content\/uploads\/2012\/11\/interior-250x103.jpg 250w\" sizes=\"(max-width: 580px) 100vw, 580px\" \/><\/a><\/p>\n<p>FSES integra a tres organizaciones sindicales con personalidad jur\u00eddica propia que se encuentran en ella como sindicatos iguales y cuyo funcionamiento regula unos Estatutos aprobados en el marco de la misma. Estas organizaciones son:<\/p>\n<ul>\n<li>SATSE y CEMSATSE, del sector de Sanidad.<\/li>\n<li>ANPE, del sector de Educaci\u00f3n.<\/li>\n<\/ul>\n<p>ANPE, SATSE y CEMSATSE son tres sindicatos independientes de m\u00e1xima representatividad en los sectores de Educaci\u00f3n y Sanidad, que cuentan con un porcentaje de afiliaci\u00f3n mayoritario en sus respectivos sectores y acceden a las principales mesas de negociaci\u00f3n.<\/p>\n<p>El \u00e1mbito territorial de FSES es la totalidad del Estado espa\u00f1ol, incluyendo las representaciones oficiales del Estado y las Administraciones P\u00fablicas en el extranjero.<\/p>\n<p>Los sindicatos que constituyen FSES mantienen las siguientes garant\u00edas:<\/p>\n<ul>\n<li><strong>No concurrencia<\/strong>: no pueden existir en la Federaci\u00f3n sindicatos que coincidan en el mismo \u00e1mbito de actuaci\u00f3n.<\/li>\n<li><strong>Exclusividad en la negociaci\u00f3n<\/strong>: ANPE sigue trabajando para los docentes y SATSE y CEMSATSE, para el personal sanitario. Tenemos la exclusividad en la negociaci\u00f3n en los respectivos \u00e1mbitos.<\/li>\n<li><strong>Exclusividad electoral<\/strong>: cada sindicato federado ostenta la representaci\u00f3n de la Federaci\u00f3n en su \u00e1mbito a efectos de presentaci\u00f3n de candidaturas en los procesos electorales, a los cuales concurre con sus propias siglas o con las de la Federaci\u00f3n.<\/li>\n<li><strong>No retroactividad<\/strong>: cada sindicato mantiene los derechos y obligaciones previos a su inclusi\u00f3n en la Federaci\u00f3n.<\/li>\n<li><strong>Independencia econ\u00f3mica:<\/strong> las organizaciones que forman parte de FSES tienen absoluta autonom\u00eda de gesti\u00f3n econ\u00f3mica en su \u00e1mbito de actuaci\u00f3n.<\/li>\n<\/ul>\n<blockquote><p><strong>Consulta los<a title=\"Estatutos de FSES\" href=\"http:\/\/www.fses.es\/wp-content\/uploads\/2012\/11\/ESTATUTOS-FSES.pdf\" target=\"_blank\"> Estatutos de FSES<\/a><\/strong><\/p><\/blockquote>\n<h3><strong>Nuestros objetivos<\/strong><\/h3>\n<ul>\n<li>La representaci\u00f3n, defensa y promoci\u00f3n de los derechos e intereses laborales, profesionales, sindicales, sociales y culturales de los afiliados a las diversas Organizaciones Sindicales que la integran, coordinando las actividades necesarias para el cumplimiento de dichos fines.<\/li>\n<li>Defender y representar los derechos y leg\u00edtimos intereses de las Organizaciones Sindicales que la integran.<\/li>\n<li>Colaborar con entidades y organismos p\u00fablicos y privados en todo lo que se relacione con los fines de esta Federaci\u00f3n.<\/li>\n<li>Mantener relaci\u00f3n con otros sindicatos y asociaciones, federaciones o confederaciones hom\u00f3logas de \u00e1mbito provincial, auton\u00f3mico, estatal e internacional.<\/li>\n<li>Todos aquellos que, de acuerdo con las Leyes acuerde el Congreso Federal.<\/li>\n<\/ul>\n<h3 style=\"text-align: center;\"><\/h3>\n<p>&nbsp;<\/p>\n<h3 style=\"text-align: center;\"><\/h3>\n<h3 style=\"text-align: center;\"><em><strong>FSES<\/strong>\u00a0integra a los tres sindicatos de m\u00e1xima representatividad en Sanidad y Educaci\u00f3n<\/em><\/h3>\n<blockquote><p><strong><a href=\"http:\/\/www.satse.es\/satse\/quienes-somos\" target=\"_blank\">M\u00e1s informaci\u00f3n sobre SATSE<\/a><\/strong><\/p>\n<p><strong><a title=\"CEMSATSE\" href=\"http:\/\/www.satse.es\/satse\/cemsatse\" target=\"_blank\">M\u00e1s informaci\u00f3n sobre CEMSATSE<\/a><\/strong><\/p>\n<p><a href=\"http:\/\/www.anpe.es\/anpe\/\" target=\"_blank\"><strong>M\u00e1s informaci\u00f3n sobre ANPE<\/strong><\/a><\/p><\/blockquote>\n<p>&nbsp;<\/p>\n","protected":false},"excerpt":{"rendered":"<p>La Federaci\u00f3n de Sindicatos de Educaci\u00f3n y Sanidad, FSES, \u00a0se constituye en el a\u00f1o 2006, al amparo de lo dispuesto en el art\u00edculo 2.2 de la Ley Org\u00e1nica 11\/85 de Libertad Sindical. FSES integra a tres organizaciones sindicales con personalidad jur\u00eddica propia que se encuentran en ella como sindicatos iguales y cuyo funcionamiento regula unos [&hellip;]<\/p>\n","protected":false},"author":5,"featured_media":0,"parent":0,"menu_order":0,"comment_status":"open","ping_status":"open","template":"template-fullwidth.php","meta":[],"_links":{"self":[{"href":"https:\/\/fses.es\/index.php?rest_route=\/wp\/v2\/pages\/2"}],"collection":[{"href":"https:\/\/fses.es\/index.php?rest_route=\/wp\/v2\/pages"}],"about":[{"href":"https:\/\/fses.es\/index.php?rest_route=\/wp\/v2\/types\/page"}],"author":[{"embeddable":true,"href":"https:\/\/fses.es\/index.php?rest_route=\/wp\/v2\/users\/5"}],"replies":[{"embeddable":true,"href":"https:\/\/fses.es\/index.php?rest_route=%2Fwp%2Fv2%2Fcomments&post=2"}],"version-history":[{"count":41,"href":"https:\/\/fses.es\/index.php?rest_route=\/wp\/v2\/pages\/2\/revisions"}],"predecessor-version":[{"id":360,"href":"https:\/\/fses.es\/index.php?rest_route=\/wp\/v2\/pages\/2\/revisions\/360"}],"wp:attachment":[{"href":"https:\/\/fses.es\/index.php?rest_route=%2Fwp%2Fv2%2Fmedia&parent=2"}],"curies":[{"name":"wp","href":"https:\/\/api.w.org\/{rel}","templated":true}]}}