   {"id":263,"date":"2014-12-04T09:07:59","date_gmt":"2014-12-04T09:07:59","guid":{"rendered":"http:\/\/www.fses.es\/?page_id=263"},"modified":"2014-12-04T10:09:59","modified_gmt":"2014-12-04T10:09:59","slug":"nuestra-estructura","status":"publish","type":"page","link":"https:\/\/fses.es\/?page_id=263","title":{"rendered":"Nuestra estructura"},"content":{"rendered":"<h3><strong><img decoding=\"async\" alt=\"\" src=\"http:\/\/www.fses.es\/wp-content\/uploads\/2012\/11\/interior.jpg\" \/><\/strong><\/h3>\n<p>Los \u00f3rganos de gobierno de Federaci\u00f3n de Sindicatos de Educaci\u00f3n y Sanidad, FSES,\u00a0son:<\/p>\n<ul>\n<li><strong>Comisi\u00f3n Coordinadora Federal:<\/strong>\u00a0Es el m\u00e1ximo \u00f3rgano de direcci\u00f3n, decisi\u00f3n y deliberaci\u00f3n de la Federaci\u00f3n, estando compuesta por tres miembros de cada uno de los sindicatos federados, siendo al menos uno de ellos representante legal de la organizaci\u00f3n.<\/li>\n<\/ul>\n<ul>\n<li><strong>Comisi\u00f3n Permanente:<\/strong>\u00a0Es el \u00f3rgano de gesti\u00f3n diaria de la Comisi\u00f3n Coordinadora Federal y est\u00e1 formada por dos miembros de cada uno de los sindicatos federados y por el Coordinador General de la Federaci\u00f3n.<\/li>\n<\/ul>\n<ul>\n<li><strong>Comisi\u00f3n de Control y Garantizas:\u00a0<\/strong>Es el \u00f3rgano de control de las medidas disciplinarias, administrativas y financiera internas, teniendo competencia para incoar e instruir expedientes sancionadores.<\/li>\n<\/ul>\n<blockquote><p><strong><a title=\"Descubre m\u00e1s acerca de la Estructura de FSES\" href=\"http:\/\/www.fses.es\/wp-content\/uploads\/2012\/11\/ESTRUCTURA-DE-FSES.pdf\" target=\"_blank\">Descubre m\u00e1s acerca de la Estructura de FSES<\/a>\u00a0<\/strong><\/p>\n<p>&nbsp;<\/p><\/blockquote>\n","protected":false},"excerpt":{"rendered":"<p>Los \u00f3rganos de gobierno de Federaci\u00f3n de Sindicatos de Educaci\u00f3n y Sanidad, FSES,\u00a0son: Comisi\u00f3n Coordinadora Federal:\u00a0Es el m\u00e1ximo \u00f3rgano de direcci\u00f3n, decisi\u00f3n y deliberaci\u00f3n de la Federaci\u00f3n, estando compuesta por tres miembros de cada uno de los sindicatos federados, siendo al menos uno de ellos representante legal de la organizaci\u00f3n. Comisi\u00f3n Permanente:\u00a0Es el \u00f3rgano de [&hellip;]<\/p>\n","protected":false},"author":5,"featured_media":0,"parent":2,"menu_order":0,"comment_status":"open","ping_status":"open","template":"","meta":[],"_links":{"self":[{"href":"https:\/\/fses.es\/index.php?rest_route=\/wp\/v2\/pages\/263"}],"collection":[{"href":"https:\/\/fses.es\/index.php?rest_route=\/wp\/v2\/pages"}],"about":[{"href":"https:\/\/fses.es\/index.php?rest_route=\/wp\/v2\/types\/page"}],"author":[{"embeddable":true,"href":"https:\/\/fses.es\/index.php?rest_route=\/wp\/v2\/users\/5"}],"replies":[{"embeddable":true,"href":"https:\/\/fses.es\/index.php?rest_route=%2Fwp%2Fv2%2Fcomments&post=263"}],"version-history":[{"count":15,"href":"https:\/\/fses.es\/index.php?rest_route=\/wp\/v2\/pages\/263\/revisions"}],"predecessor-version":[{"id":271,"href":"https:\/\/fses.es\/index.php?rest_route=\/wp\/v2\/pages\/263\/revisions\/271"}],"up":[{"embeddable":true,"href":"https:\/\/fses.es\/index.php?rest_route=\/wp\/v2\/pages\/2"}],"wp:attachment":[{"href":"https:\/\/fses.es\/index.php?rest_route=%2Fwp%2Fv2%2Fmedia&parent=263"}],"curies":[{"name":"wp","href":"https:\/\/api.w.org\/{rel}","templated":true}]}}