   {"id":298,"date":"2014-12-10T12:07:59","date_gmt":"2014-12-10T12:07:59","guid":{"rendered":"http:\/\/www.fses.es\/?page_id=298"},"modified":"2023-03-28T13:39:04","modified_gmt":"2023-03-28T13:39:04","slug":"transparencia","status":"publish","type":"page","link":"https:\/\/fses.es\/?page_id=298","title":{"rendered":"Transparencia"},"content":{"rendered":"<p>La transparencia y las normas de buen gobierno son los ejes b\u00e1sicos fundamentales de toda acci\u00f3n desarrollada desde la\u00a0Federaci\u00f3n de Sindicatos de Educaci\u00f3n y Sanidad, FSES.<\/p>\n<p>As\u00ed, a lo largo de su historia, FSES ha manifestado de manera reiterada su compromiso con el desarrollo de las mejores pr\u00e1cticas de gobierno y los principios de la \u00e9tica en todos los \u00e1mbitos de actuaci\u00f3n de la organizaci\u00f3n.<\/p>\n<p>Siguiendo con esta pol\u00edtica, y en cumplimiento del Art\u00edculo 8.1.c) de la Ley 19\/2013 de transparencia, acceso a la informaci\u00f3n p\u00fablica y buen gobierno publicamos a continuaci\u00f3n las subvenciones y\/o ayudas p\u00fablicas que le han sido concedidas a esta organizaci\u00f3n en el ejercicio 2022 a nivel estatal y auton\u00f3mico:<\/p>\n<p>\u00a0<\/p>\n<table width=\"312\">\n<tbody>\n<tr>\n<td width=\"132\">\n<p style=\"text-align: center;\"><strong>\u00c1mbito<\/strong><\/p>\n<\/td>\n<td style=\"text-align: center;\" width=\"91\">\n<p><strong>Importe concedido<\/strong><\/p>\n<\/td>\n<td width=\"89\">\n<p style=\"text-align: center;\"><strong>Beneficiario<\/strong><\/p>\n<\/td>\n<\/tr>\n<tr>\n<td width=\"132\">\n<p style=\"text-align: center;\">Estatal<\/p>\n<\/td>\n<td style=\"text-align: center;\" width=\"91\">\n<p>145.204,25\u20ac<\/p>\n<\/td>\n<td width=\"89\">\n<p style=\"text-align: center;\">FSES<\/p>\n<\/td>\n<\/tr>\n<tr>\n<td width=\"132\">\n<p style=\"text-align: center;\">Andaluc\u00eda<\/p>\n<\/td>\n<td style=\"text-align: center;\" width=\"91\">\n<p>110.379,00\u20ac<\/p>\n<\/td>\n<td style=\"text-align: center;\" width=\"89\">\n<p>FSES<\/p>\n<\/td>\n<\/tr>\n<tr>\n<td width=\"132\">\n<p style=\"text-align: center;\">Castilla y Le\u00f3n<\/p>\n<\/td>\n<td style=\"text-align: center;\" width=\"91\">\n<p>136.088,00\u20ac<\/p>\n<\/td>\n<td width=\"89\">\n<p style=\"text-align: center;\">FSES<\/p>\n<\/td>\n<\/tr>\n<tr>\n<td width=\"132\">\n<p style=\"text-align: center;\">Comunidad Valenciana<\/p>\n<\/td>\n<td style=\"text-align: center;\" width=\"91\">\n<p>24.391,29\u20ac<\/p>\n<\/td>\n<td width=\"89\">\n<p style=\"text-align: center;\">FSES<\/p>\n<\/td>\n<\/tr>\n<tr>\n<td width=\"132\">\n<p style=\"text-align: center;\">Extremadura<\/p>\n<\/td>\n<td style=\"text-align: center;\" width=\"91\">\n<p>3.689,89\u20ac<\/p>\n<\/td>\n<td width=\"89\">\n<p style=\"text-align: center;\">FSES<\/p>\n<\/td>\n<\/tr>\n<tr>\n<td style=\"text-align: center;\" width=\"132\">\n<p>La Rioja<\/p>\n<\/td>\n<td style=\"text-align: center;\" width=\"91\">\n<p>29.102,10\u20ac<\/p>\n<\/td>\n<td width=\"89\">\n<p style=\"text-align: center;\">FSES<\/p>\n<\/td>\n<\/tr>\n<\/tbody>\n<\/table>\n\n\n<p><\/p>\n","protected":false},"excerpt":{"rendered":"<p>La transparencia y las normas de buen gobierno son los ejes b\u00e1sicos fundamentales de toda acci\u00f3n desarrollada desde la\u00a0Federaci\u00f3n de Sindicatos de Educaci\u00f3n y Sanidad, FSES. As\u00ed, a lo largo de su historia, FSES ha manifestado de manera reiterada su compromiso con el desarrollo de las mejores pr\u00e1cticas de gobierno y los principios de la [&hellip;]<\/p>\n","protected":false},"author":5,"featured_media":0,"parent":2,"menu_order":0,"comment_status":"open","ping_status":"open","template":"","meta":[],"_links":{"self":[{"href":"https:\/\/fses.es\/index.php?rest_route=\/wp\/v2\/pages\/298"}],"collection":[{"href":"https:\/\/fses.es\/index.php?rest_route=\/wp\/v2\/pages"}],"about":[{"href":"https:\/\/fses.es\/index.php?rest_route=\/wp\/v2\/types\/page"}],"author":[{"embeddable":true,"href":"https:\/\/fses.es\/index.php?rest_route=\/wp\/v2\/users\/5"}],"replies":[{"embeddable":true,"href":"https:\/\/fses.es\/index.php?rest_route=%2Fwp%2Fv2%2Fcomments&post=298"}],"version-history":[{"count":69,"href":"https:\/\/fses.es\/index.php?rest_route=\/wp\/v2\/pages\/298\/revisions"}],"predecessor-version":[{"id":796,"href":"https:\/\/fses.es\/index.php?rest_route=\/wp\/v2\/pages\/298\/revisions\/796"}],"up":[{"embeddable":true,"href":"https:\/\/fses.es\/index.php?rest_route=\/wp\/v2\/pages\/2"}],"wp:attachment":[{"href":"https:\/\/fses.es\/index.php?rest_route=%2Fwp%2Fv2%2Fmedia&parent=298"}],"curies":[{"name":"wp","href":"https:\/\/api.w.org\/{rel}","templated":true}]}}