   {"id":43,"date":"2012-11-30T11:49:00","date_gmt":"2012-11-30T11:49:00","guid":{"rendered":"http:\/\/www.fses.es\/?page_id=43"},"modified":"2012-11-30T13:05:50","modified_gmt":"2012-11-30T13:05:50","slug":"multimedia","status":"publish","type":"page","link":"https:\/\/fses.es\/?page_id=43","title":{"rendered":"Multimedia"},"content":{"rendered":"<p>En esta p\u00e1gina puedes ver todos los v\u00eddeos e im\u00e1genes de FSES<\/p>\n<ul>\n<li><strong><a href=\"http:\/\/www.fses.es\/?page_id=45\">Im\u00e1genes<\/a><\/strong><\/li>\n<li><strong><a href=\"http:\/\/www.fses.es\/?page_id=47\">V\u00eddeos<\/a><\/strong><\/li>\n<\/ul>\n<p><a href=\"http:\/\/www.fses.es\/wp-content\/uploads\/2012\/11\/MS-334-8.jpg\"><img decoding=\"async\" loading=\"lazy\" class=\"alignnone size-full wp-image-63\" title=\".pdf\" src=\"http:\/\/www.fses.es\/wp-content\/uploads\/2012\/11\/MS-334-8.jpg\" alt=\"\" width=\"920\" height=\"508\" srcset=\"https:\/\/fses.es\/wp-content\/uploads\/2012\/11\/MS-334-8.jpg 920w, https:\/\/fses.es\/wp-content\/uploads\/2012\/11\/MS-334-8-300x165.jpg 300w, https:\/\/fses.es\/wp-content\/uploads\/2012\/11\/MS-334-8-250x138.jpg 250w\" sizes=\"(max-width: 920px) 100vw, 920px\" \/><\/a><\/p>\n","protected":false},"excerpt":{"rendered":"<p>En esta p\u00e1gina puedes ver todos los v\u00eddeos e im\u00e1genes de FSES Im\u00e1genes V\u00eddeos<\/p>\n","protected":false},"author":5,"featured_media":0,"parent":0,"menu_order":3,"comment_status":"open","ping_status":"open","template":"","meta":[],"_links":{"self":[{"href":"https:\/\/fses.es\/index.php?rest_route=\/wp\/v2\/pages\/43"}],"collection":[{"href":"https:\/\/fses.es\/index.php?rest_route=\/wp\/v2\/pages"}],"about":[{"href":"https:\/\/fses.es\/index.php?rest_route=\/wp\/v2\/types\/page"}],"author":[{"embeddable":true,"href":"https:\/\/fses.es\/index.php?rest_route=\/wp\/v2\/users\/5"}],"replies":[{"embeddable":true,"href":"https:\/\/fses.es\/index.php?rest_route=%2Fwp%2Fv2%2Fcomments&post=43"}],"version-history":[{"count":5,"href":"https:\/\/fses.es\/index.php?rest_route=\/wp\/v2\/pages\/43\/revisions"}],"predecessor-version":[{"id":67,"href":"https:\/\/fses.es\/index.php?rest_route=\/wp\/v2\/pages\/43\/revisions\/67"}],"wp:attachment":[{"href":"https:\/\/fses.es\/index.php?rest_route=%2Fwp%2Fv2%2Fmedia&parent=43"}],"curies":[{"name":"wp","href":"https:\/\/api.w.org\/{rel}","templated":true}]}}