   {"id":47,"date":"2012-11-30T11:49:52","date_gmt":"2012-11-30T11:49:52","guid":{"rendered":"http:\/\/www.fses.es\/?page_id=47"},"modified":"2018-01-30T16:45:09","modified_gmt":"2018-01-30T16:45:09","slug":"videos","status":"publish","type":"page","link":"https:\/\/fses.es\/?page_id=47","title":{"rendered":"V\u00eddeos"},"content":{"rendered":"<p><strong>La OIT admite la queja contra el Gobierno<\/strong>. La Plataforma Sindical y de Asociaciones Profesionales de Empleados P\u00fablicos present\u00f3 la queja unos meses atr\u00e1s.<\/p>\n<p><iframe loading=\"lazy\" src=\"http:\/\/www.enfermeriatv.es\/videoPlayer\/videoIframe.php?media=http:\/\/cdnvod.shooowit.net\/video\/enfermeria\/0b59026-ML_ESTATAL_La_O_H,300,700,1000,.mp4.m3u8\" width=\"620\" height=\"380\" frameborder=\"0\" scrolling=\"no\" allowfullscreen=\"allowfullscreen\"><\/iframe><\/p>\n<p><strong>Rueda de prensa de laPlataforma Sindical y de Asociaciones Profesionales de Empleados P\u00fablicos en septiembre de 2012<\/strong>. Se anuncian las pr\u00f3ximas movilizaciones contra los recortes, entre ellas, una jornada de lucha.<\/p>\n<p><iframe loading=\"lazy\" src=\"http:\/\/www.enfermeriatv.es\/videoPlayer\/videoIframe.php?media=http:\/\/cdnvod.shooowit.net\/video\/enfermeria\/46a6ec5-plataforma_sind_H,300,700,1000,.mp4.m3u8\" width=\"620\" height=\"380\" frameborder=\"0\" scrolling=\"no\" allowfullscreen=\"allowfullscreen\"><\/iframe><\/p>\n<p><strong>Reuni\u00f3n de la\u00a0Plataforma Sindical y de Asociaciones Profesionales de Empleados P\u00fablicos en julio de 2012<\/strong>. Su objetivo es reforzar la alianza entre profesionales y ciudadanos contra los recortes.<\/p>\n<p><iframe loading=\"lazy\" src=\"http:\/\/www.enfermeriatv.es\/videoPlayer\/videoIframe.php?media=http:\/\/cdnvod.shooowit.net\/video\/enfermeria\/70d0db9-plataforma_soci_H,300,700,1000,.mp4.m3u8\" width=\"620\" height=\"380\" frameborder=\"0\" scrolling=\"no\" allowfullscreen=\"allowfullscreen\"><span data-mce-type=\"bookmark\" style=\"display: inline-block; width: 0px; overflow: hidden; line-height: 0;\" class=\"mce_SELRES_start\">\ufeff<\/span><\/iframe><\/p>\n","protected":false},"excerpt":{"rendered":"<p>La OIT admite la queja contra el Gobierno. La Plataforma Sindical y de Asociaciones Profesionales de Empleados P\u00fablicos present\u00f3 la queja unos meses atr\u00e1s. Rueda de prensa de laPlataforma Sindical y de Asociaciones Profesionales de Empleados P\u00fablicos en septiembre de 2012. Se anuncian las pr\u00f3ximas movilizaciones contra los recortes, entre ellas, una jornada de lucha. [&hellip;]<\/p>\n","protected":false},"author":5,"featured_media":0,"parent":43,"menu_order":2,"comment_status":"open","ping_status":"open","template":"","meta":[],"_links":{"self":[{"href":"https:\/\/fses.es\/index.php?rest_route=\/wp\/v2\/pages\/47"}],"collection":[{"href":"https:\/\/fses.es\/index.php?rest_route=\/wp\/v2\/pages"}],"about":[{"href":"https:\/\/fses.es\/index.php?rest_route=\/wp\/v2\/types\/page"}],"author":[{"embeddable":true,"href":"https:\/\/fses.es\/index.php?rest_route=\/wp\/v2\/users\/5"}],"replies":[{"embeddable":true,"href":"https:\/\/fses.es\/index.php?rest_route=%2Fwp%2Fv2%2Fcomments&post=47"}],"version-history":[{"count":12,"href":"https:\/\/fses.es\/index.php?rest_route=\/wp\/v2\/pages\/47\/revisions"}],"predecessor-version":[{"id":682,"href":"https:\/\/fses.es\/index.php?rest_route=\/wp\/v2\/pages\/47\/revisions\/682"}],"up":[{"embeddable":true,"href":"https:\/\/fses.es\/index.php?rest_route=\/wp\/v2\/pages\/43"}],"wp:attachment":[{"href":"https:\/\/fses.es\/index.php?rest_route=%2Fwp%2Fv2%2Fmedia&parent=47"}],"curies":[{"name":"wp","href":"https:\/\/api.w.org\/{rel}","templated":true}]}}