   {"id":754,"date":"2023-03-21T16:20:56","date_gmt":"2023-03-21T16:20:56","guid":{"rendered":"https:\/\/www.fses.es\/?page_id=754"},"modified":"2023-03-22T14:27:25","modified_gmt":"2023-03-22T14:27:25","slug":"fses-castilla-y-leon","status":"publish","type":"page","link":"https:\/\/fses.es\/?page_id=754","title":{"rendered":"FSES CASTILLA Y LE\u00d3N"},"content":{"rendered":"\n<div style=\"height:20px\" aria-hidden=\"true\" class=\"wp-block-spacer\"><\/div>\n\n\n\n<figure class=\"wp-block-image size-large\"><img decoding=\"async\" loading=\"lazy\" width=\"181\" height=\"121\" src=\"https:\/\/www.fses.es\/wp-content\/uploads\/2023\/03\/FSES-Castilla-y-Leon.jpg\" alt=\"\" class=\"wp-image-757\"\/><\/figure>\n\n\n\n<div style=\"height:20px\" aria-hidden=\"true\" class=\"wp-block-spacer\"><\/div>\n\n\n\n<p>FSES Castilla y Le\u00f3n integra a los sindicatos independientes de m\u00e1xima representatividad en los sectores de Educaci\u00f3n y Sanidad <strong>ANPE y SATSE<\/strong>.<\/p>\n\n\n\n<p>Nuestro principal objetivo es la <strong>representaci\u00f3n, defensa y promoci\u00f3n de los derechos e intereses laborales, profesionales, sindicales, sociales y culturales<\/strong> de nuestros afiliados, coordinando las actividades necesarias para el cumplimiento de dichos fines.<\/p>\n\n\n\n<hr class=\"wp-block-separator\"\/>\n\n\n\n<div class=\"is-layout-flex wp-container-3 wp-block-columns\">\n<div class=\"is-layout-flow wp-block-column\"><\/div>\n\n\n\n<div class=\"is-layout-flow wp-block-column\"><\/div>\n<\/div>\n\n\n\n<figure class=\"wp-block-image size-large\"><a href=\"https:\/\/castillayleon.satse.es\/\" target=\"_blank\" rel=\"noopener noreferrer\"><img decoding=\"async\" loading=\"lazy\" width=\"204\" height=\"70\" src=\"https:\/\/www.fses.es\/wp-content\/uploads\/2023\/03\/SATSE-Castilla-y-Leon.jpg\" alt=\"\" class=\"wp-image-758\"\/><\/a><\/figure>\n\n\n\n<div style=\"height:21px\" aria-hidden=\"true\" class=\"wp-block-spacer\"><\/div>\n\n\n\n<p>A lo largo de estos m\u00e1s de 30 a\u00f1os de lucha, SATSE se ha posicionado como el sindicato con <strong>mayor implantaci\u00f3n en el sector sanitario<\/strong>, caracteriz\u00e1ndose por la defensa de la profesi\u00f3n y de quienes la ejercen. <\/p>\n\n\n\n<p>En la actualidad, <strong>m\u00e1s de 100.000 profesionales<\/strong> de Enfermer\u00eda y Fisioterapia integran la organizaci\u00f3n.<\/p>\n\n\n\n<p>Adem\u00e1s, se ha convertido en la voz de los profesionales en todos los \u00e1mbitos de negociaci\u00f3n, trabajando para <strong>defender y garantizar los derechos de los enfermeros y fisioterapeutas<\/strong>, ofreci\u00e9ndoles el apoyo informativo, jur\u00eddico, formativo y sindical que puedan necesitar.<\/p>\n\n\n\n<hr class=\"wp-block-separator\"\/>\n\n\n\n<figure class=\"wp-block-image size-large\"><a href=\"https:\/\/anpecastillayleon.es\/\" target=\"_blank\" rel=\"noopener noreferrer\"><img decoding=\"async\" loading=\"lazy\" width=\"114\" height=\"114\" src=\"https:\/\/www.fses.es\/wp-content\/uploads\/2023\/03\/ANPE-Castilla-y-Leon.jpg\" alt=\"\" class=\"wp-image-759\" srcset=\"https:\/\/fses.es\/wp-content\/uploads\/2023\/03\/ANPE-Castilla-y-Leon.jpg 114w, https:\/\/fses.es\/wp-content\/uploads\/2023\/03\/ANPE-Castilla-y-Leon-48x48.jpg 48w\" sizes=\"(max-width: 114px) 100vw, 114px\" \/><\/a><\/figure>\n\n\n\n<div style=\"height:20px\" aria-hidden=\"true\" class=\"wp-block-spacer\"><\/div>\n\n\n\n<p>Anpe, Sindicato Independiente, es un Sindicato Profesional, <strong>mayoritario en el \u00e1mbito de la Ense\u00f1anza P\u00fablica<\/strong>.<\/p>\n\n\n\n<p>Desde su nacimiento como Organizaci\u00f3n Sindical en 1978, ha experimentado <strong>un fuerte incremento de afiliaci\u00f3n e implantaci\u00f3n<\/strong>, particularmente en la Ense\u00f1anza P\u00fablica (Infantil, Primaria, Secundaria, Formaci\u00f3n Profesional, Ense\u00f1anzas de R\u00e9gimen Especial y Universidad).<\/p>\n\n\n\n<p>Su crecimiento y consolidaci\u00f3n se ha logrado por la coherencia de sus objetivos y la eficacia de sus actuaciones, lo que ha favorecido la identificaci\u00f3n de los docentes con el modelo sindical que ANPE representa como una <strong>Organizaci\u00f3n Sindical abierta y plural <\/strong>que asume los valores del Humanismo y la Civilizaci\u00f3n del Mundo Occidental.<\/p>\n","protected":false},"excerpt":{"rendered":"<p>FSES Castilla y Le\u00f3n integra a los sindicatos independientes de m\u00e1xima representatividad en los sectores de Educaci\u00f3n y Sanidad ANPE y SATSE. Nuestro principal objetivo es la representaci\u00f3n, defensa y promoci\u00f3n de los derechos e intereses laborales, profesionales, sindicales, sociales y culturales de nuestros afiliados, coordinando las actividades necesarias para el cumplimiento de dichos fines. [&hellip;]<\/p>\n","protected":false},"author":5,"featured_media":0,"parent":0,"menu_order":0,"comment_status":"closed","ping_status":"closed","template":"","meta":[],"_links":{"self":[{"href":"https:\/\/fses.es\/index.php?rest_route=\/wp\/v2\/pages\/754"}],"collection":[{"href":"https:\/\/fses.es\/index.php?rest_route=\/wp\/v2\/pages"}],"about":[{"href":"https:\/\/fses.es\/index.php?rest_route=\/wp\/v2\/types\/page"}],"author":[{"embeddable":true,"href":"https:\/\/fses.es\/index.php?rest_route=\/wp\/v2\/users\/5"}],"replies":[{"embeddable":true,"href":"https:\/\/fses.es\/index.php?rest_route=%2Fwp%2Fv2%2Fcomments&post=754"}],"version-history":[{"count":19,"href":"https:\/\/fses.es\/index.php?rest_route=\/wp\/v2\/pages\/754\/revisions"}],"predecessor-version":[{"id":778,"href":"https:\/\/fses.es\/index.php?rest_route=\/wp\/v2\/pages\/754\/revisions\/778"}],"wp:attachment":[{"href":"https:\/\/fses.es\/index.php?rest_route=%2Fwp%2Fv2%2Fmedia&parent=754"}],"curies":[{"name":"wp","href":"https:\/\/api.w.org\/{rel}","templated":true}]}}